{"id":2824,"date":"2026-03-09T19:43:05","date_gmt":"2026-03-09T19:43:05","guid":{"rendered":"https:\/\/mimamamemima.com.mx\/RockOn\/?post_type=product&#038;p=2824"},"modified":"2026-03-20T05:52:22","modified_gmt":"2026-03-20T05:52:22","slug":"preventa-el-baile-de-los-locos","status":"publish","type":"product","link":"https:\/\/mimamamemima.com.mx\/RockOn\/producto\/preventa-el-baile-de-los-locos\/","title":{"rendered":"Preventa El Baile de los Locos"},"content":{"rendered":"<p>Haz tu compra en linea, sin comisiones ni ning\u00fan cargo extra.<\/p>\n<p>Una vez hecha tu compra te contactaremos v\u00eda correo electr\u00f3nico y\/o WhatsApp para quienes dejen su telefono.<\/p>\n<p>El boleto f\u00edsico ser\u00e1 en el <strong>Foro Independencia<\/strong> el d\u00eda del evento.<\/p>\n<p><strong>\u00bfTienes dudas y\/o comentarios? , mandanos un correo a mimamamemimaradio@gmail.com o por mensaje directo en nuestras redes sociales<\/strong><\/p>\n<p>\u00a1Muchas gracias por tu apoyo!<\/p>\n","protected":false},"excerpt":{"rendered":"<p>\u00a1<strong>Voodoo Glow Skulls<\/strong> vuelve a casa!<\/p>\n<p><strong>Frank Casillas<\/strong> est\u00e1 de regreso y Guadalajara s\u00e9 prepara para recibir a una de las bandas m\u00e1s queridas de la escena ska punk californiana, <strong>Voodoo Glow Skulls<\/strong>.<\/p>\n<p>Acompa\u00f1ados del imparable <strong>Out Of Control Army,<\/strong> la banda mexicana que no conoce fronteras y que est\u00e1 terminando su nuevo disco grabado en el estudio de Bob Marley en Jamaica.<\/p>\n<p>Bandas invitadas, <strong>Bootleg<\/strong> y <strong>Cuatro Muertos<\/strong><\/p>\n<p>Viernes 20 de marzo en <strong>Foro Independencia<\/strong><\/p>\n","protected":false},"featured_media":2853,"template":"","meta":[],"product_brand":[],"product_cat":[401,402],"product_tag":[404,406,408,405,407,403],"class_list":{"0":"post-2824","1":"product","2":"type-product","3":"status-publish","4":"has-post-thumbnail","6":"product_cat-boleto","7":"product_cat-concierto","8":"product_tag-concierto","9":"product_tag-foro-independencia","10":"product_tag-guadalajara","11":"product_tag-mimamamemima","12":"product_tag-out-of-control-army","13":"product_tag-voodoo-glow-skulls","15":"first","16":"instock","17":"featured","18":"virtual","19":"purchasable","20":"product-type-simple"},"_links":{"self":[{"href":"https:\/\/mimamamemima.com.mx\/RockOn\/wp-json\/wp\/v2\/product\/2824","targetHints":{"allow":["GET"]}}],"collection":[{"href":"https:\/\/mimamamemima.com.mx\/RockOn\/wp-json\/wp\/v2\/product"}],"about":[{"href":"https:\/\/mimamamemima.com.mx\/RockOn\/wp-json\/wp\/v2\/types\/product"}],"wp:featuredmedia":[{"embeddable":true,"href":"https:\/\/mimamamemima.com.mx\/RockOn\/wp-json\/wp\/v2\/media\/2853"}],"wp:attachment":[{"href":"https:\/\/mimamamemima.com.mx\/RockOn\/wp-json\/wp\/v2\/media?parent=2824"}],"wp:term":[{"taxonomy":"product_brand","embeddable":true,"href":"https:\/\/mimamamemima.com.mx\/RockOn\/wp-json\/wp\/v2\/product_brand?post=2824"},{"taxonomy":"product_cat","embeddable":true,"href":"https:\/\/mimamamemima.com.mx\/RockOn\/wp-json\/wp\/v2\/product_cat?post=2824"},{"taxonomy":"product_tag","embeddable":true,"href":"https:\/\/mimamamemima.com.mx\/RockOn\/wp-json\/wp\/v2\/product_tag?post=2824"}],"curies":[{"name":"wp","href":"https:\/\/api.w.org\/{rel}","templated":true}]}}