{"id":2665,"date":"2025-11-25T17:09:54","date_gmt":"2025-11-25T17:09:54","guid":{"rendered":"https:\/\/mimamamemima.com.mx\/RockOn\/?post_type=product&#038;p=2665"},"modified":"2026-03-20T05:38:29","modified_gmt":"2026-03-20T05:38:29","slug":"zombieticket","status":"publish","type":"product","link":"https:\/\/mimamamemima.com.mx\/RockOn\/producto\/zombieticket\/","title":{"rendered":"Preventa El Baile de los Locos \u00abZombie Ticket\u00bb  (limitado a 200 boletos)"},"content":{"rendered":"<p>El \u00ab<strong>Zombie Ticket<\/strong>\u00bb no solo es tu acceso al \u00ab<strong><em>Baile de los Locos<\/em><\/strong>\u00bb el 20 de marzo en el <strong>Foro Independencia<\/strong>, tambi\u00e9n es una forma de agradecer tu apoyo con un kit especial de <strong>MiMamaMeMima<\/strong> y la oportunidad de ser uno de los 10 ganadores del \u00ab<em>meet &amp; greet<\/em>\u00bb con <strong>Voodoo Glow Skulls<\/strong> y <strong>Out Of Control Army<\/strong>.<\/p>\n<p>El sorteo se realizar\u00e1 en los d\u00edas previos al evento y compartido en nuestras redes sociales en <em>Facebook, X e Instagram<\/em>.<\/p>\n<p>El boleto f\u00edsico y los kits de regalos ser\u00e1n entregados en el <strong>Foro Independencia<\/strong> el d\u00eda del evento.<\/p>\n<p><strong>\u00bfTienes dudas y\/o comentarios? , mandanos un correo a mimamamemimaradio@gmail.com o por mensaje directo en nuestras redes sociales<\/strong><\/p>\n<p>\u00a1Muchas gracias por tu apoyo!<\/p>\n","protected":false},"excerpt":{"rendered":"<ol>\n<li>Lleva la experiencia de \u00abEl Baile de los Locos\u00bb m\u00e1s all\u00e1 y ll\u00e9vate a casa un kit de regalos de <strong>MiMamaMeMima<\/strong> y la oportunidad de ser uno de los ganadores de los \u00ab<em>meet &amp; greet<\/em>\u00ab<\/li>\n<\/ol>\n<p>&nbsp;<\/p>\n","protected":false},"featured_media":2842,"template":"","meta":[],"product_brand":[],"product_cat":[401,402],"product_tag":[404,406,408,405,407,403],"class_list":{"0":"post-2665","1":"product","2":"type-product","3":"status-publish","4":"has-post-thumbnail","6":"product_cat-boleto","7":"product_cat-concierto","8":"product_tag-concierto","9":"product_tag-foro-independencia","10":"product_tag-guadalajara","11":"product_tag-mimamamemima","12":"product_tag-out-of-control-army","13":"product_tag-voodoo-glow-skulls","15":"first","16":"outofstock","17":"virtual","18":"purchasable","19":"product-type-simple"},"_links":{"self":[{"href":"https:\/\/mimamamemima.com.mx\/RockOn\/wp-json\/wp\/v2\/product\/2665","targetHints":{"allow":["GET"]}}],"collection":[{"href":"https:\/\/mimamamemima.com.mx\/RockOn\/wp-json\/wp\/v2\/product"}],"about":[{"href":"https:\/\/mimamamemima.com.mx\/RockOn\/wp-json\/wp\/v2\/types\/product"}],"wp:featuredmedia":[{"embeddable":true,"href":"https:\/\/mimamamemima.com.mx\/RockOn\/wp-json\/wp\/v2\/media\/2842"}],"wp:attachment":[{"href":"https:\/\/mimamamemima.com.mx\/RockOn\/wp-json\/wp\/v2\/media?parent=2665"}],"wp:term":[{"taxonomy":"product_brand","embeddable":true,"href":"https:\/\/mimamamemima.com.mx\/RockOn\/wp-json\/wp\/v2\/product_brand?post=2665"},{"taxonomy":"product_cat","embeddable":true,"href":"https:\/\/mimamamemima.com.mx\/RockOn\/wp-json\/wp\/v2\/product_cat?post=2665"},{"taxonomy":"product_tag","embeddable":true,"href":"https:\/\/mimamamemima.com.mx\/RockOn\/wp-json\/wp\/v2\/product_tag?post=2665"}],"curies":[{"name":"wp","href":"https:\/\/api.w.org\/{rel}","templated":true}]}}