{"id":2535,"date":"2025-10-21T21:10:29","date_gmt":"2025-10-21T21:10:29","guid":{"rendered":"https:\/\/mimamamemima.com.mx\/RockOn\/?post_type=product&#038;p=2535"},"modified":"2026-03-11T18:23:26","modified_gmt":"2026-03-11T18:23:26","slug":"playera-xxv-aniversario","status":"publish","type":"product","link":"https:\/\/mimamamemima.com.mx\/RockOn\/producto\/playera-xxv-aniversario\/","title":{"rendered":"Playera XXV Aniversario"},"content":{"rendered":"<p>\u00a1Seguimos de fiesta!<\/p>\n<p>Gracias a ti\u00a0<strong>MiMamaMeMima<\/strong>\u00a0cumple 25 a\u00f1os de \u00ab<em>sonidos irreverentes y bandas subterr\u00e1neas\u00bb<\/em><\/p>\n<p>Una celebraci\u00f3n que no puede pasar desapercibida, raz\u00f3n por la que una vez m\u00e1s nuestro viejo confiable\u00a0\u00a0<strong>Carlos Mayorga \u00abMc Fly\u00bb<\/strong>\u00a0puso manos a la obra para un gran dise\u00f1o.<\/p>\n<p>Dudas y\/o comentarios:<strong> mimamamemimaradio@gmail.com<\/strong> o en nuestras redes sociales <strong>@mimamamemimagdl<\/strong><\/p>\n","protected":false},"excerpt":{"rendered":"<p>Playera 100% algod\u00f3n, edici\u00f3n limitada de 50 piezas con motivo del <strong>XXV Aniversario<\/strong><\/p>\n<p>Ajuste regular, \u00a1al demonio el slim fit!<\/p>\n<p>100% algodon<\/p>\n","protected":false},"featured_media":2672,"template":"","meta":[],"product_brand":[],"product_cat":[392],"product_tag":[],"class_list":{"0":"post-2535","1":"product","2":"type-product","3":"status-publish","4":"has-post-thumbnail","6":"product_cat-playera","8":"first","9":"outofstock","10":"shipping-taxable","11":"purchasable","12":"product-type-variable"},"_links":{"self":[{"href":"https:\/\/mimamamemima.com.mx\/RockOn\/wp-json\/wp\/v2\/product\/2535","targetHints":{"allow":["GET"]}}],"collection":[{"href":"https:\/\/mimamamemima.com.mx\/RockOn\/wp-json\/wp\/v2\/product"}],"about":[{"href":"https:\/\/mimamamemima.com.mx\/RockOn\/wp-json\/wp\/v2\/types\/product"}],"wp:featuredmedia":[{"embeddable":true,"href":"https:\/\/mimamamemima.com.mx\/RockOn\/wp-json\/wp\/v2\/media\/2672"}],"wp:attachment":[{"href":"https:\/\/mimamamemima.com.mx\/RockOn\/wp-json\/wp\/v2\/media?parent=2535"}],"wp:term":[{"taxonomy":"product_brand","embeddable":true,"href":"https:\/\/mimamamemima.com.mx\/RockOn\/wp-json\/wp\/v2\/product_brand?post=2535"},{"taxonomy":"product_cat","embeddable":true,"href":"https:\/\/mimamamemima.com.mx\/RockOn\/wp-json\/wp\/v2\/product_cat?post=2535"},{"taxonomy":"product_tag","embeddable":true,"href":"https:\/\/mimamamemima.com.mx\/RockOn\/wp-json\/wp\/v2\/product_tag?post=2535"}],"curies":[{"name":"wp","href":"https:\/\/api.w.org\/{rel}","templated":true}]}}