{"id":136,"date":"2023-02-07T19:27:41","date_gmt":"2023-02-07T19:27:41","guid":{"rendered":"https:\/\/mimamamemima.com.mx\/RockOn\/?page_id=136"},"modified":"2025-09-19T18:25:58","modified_gmt":"2025-09-19T18:25:58","slug":"podcast","status":"publish","type":"page","link":"https:\/\/mimamamemima.com.mx\/RockOn\/podcast\/","title":{"rendered":"PODCAST"},"content":{"rendered":"<p><strong>MiMamaMeMima Internet Radio<\/strong> surge en <em>Guadalajara Jalisco M\u00e9xico<\/em> el a\u00f1o 2000 con el fin de apoyar a los proyectos independientes de la escena Jalisciense.<\/p>\n<p>Con el paso del tiempo <strong>MiMamaMeMima<\/strong> se fue expandiendo dando cabina a proyectos del resto del pais e internacionales.<\/p>\n<p>Con gusto particular por los sonidos irreverentes del punk, ska y hardcore buscamos ser una vitrina para que las bandas independientes puedan difundir su propuesta libre y sin prejuicios.<\/p>\n<p>Aqu\u00ed podr\u00e1n encontrar la grabaci\u00f3n de nuestros nuevos programas y algunos del recuerdo.<\/p>\n<p><strong>Escuchalo y\/o descargalo sin comerciales ni aplicaciones especiales desde esta pagina !!<\/strong><\/p>\n<p><strong>ContraCorriente 020<\/strong><\/p>\n<p><audio src=\"https:\/\/mimamamemima.com.mx\/RockOn\/archivos\/Contracorriente020.mp3\" controls=\"controls\"><\/audio><\/p>\n<p><strong>ContraCorriente 019<\/strong><\/p>\n<p><audio src=\"https:\/\/mimamamemima.com.mx\/RockOn\/archivos\/Contracorriente019.mp3\" controls=\"controls\"><\/audio><\/p>\n<p><strong>ContraCorriente 018<\/strong><\/p>\n<p><audio src=\"https:\/\/mimamamemima.com.mx\/RockOn\/archivos\/Contracorriente018.mp3\" controls=\"controls\"><\/audio><\/p>\n<p><strong>ContraCorriente 017<\/strong><\/p>\n<p><audio src=\"https:\/\/mimamamemima.com.mx\/RockOn\/archivos\/Contracorriente017.mp3\" controls=\"controls\"><\/audio><\/p>\n<p><strong>ContraCorriente 016<\/strong><\/p>\n<p><audio src=\"https:\/\/mimamamemima.com.mx\/RockOn\/archivos\/Contracorriente016.mp3\" controls=\"controls\"><\/audio><\/p>\n<p><strong>ContraCorriente 015<\/strong><\/p>\n<p><audio src=\"https:\/\/mimamamemima.com.mx\/RockOn\/archivos\/Contracorriente015.mp3\" controls=\"controls\"><\/audio><\/p>\n<p><strong>Especiales &#8211; 0005 &#8211; Evaristo Paramos en Guadalajara<\/strong><\/p>\n<p><audio src=\"https:\/\/mimamamemima.com.mx\/RockOn\/archivos\/Especial_Evaristo.mp3\" controls=\"controls\"><\/audio><\/p>\n<p><strong>ContraCorriente 014<\/strong><\/p>\n<p><audio src=\"https:\/\/mimamamemima.com.mx\/RockOn\/archivos\/Contracorriente014.mp3\" controls=\"controls\"><\/audio><\/p>\n<p><strong>ContraCorriente 013<\/strong><\/p>\n<p><audio src=\"https:\/\/mimamamemima.com.mx\/RockOn\/archivos\/Contracorriente013.mp3\" controls=\"controls\"><\/audio><\/p>\n<p><strong>ContraCorriente 012<\/strong><\/p>\n<p><audio src=\"https:\/\/mimamamemima.com.mx\/RockOn\/archivos\/Contracorriente012.mp3\" controls=\"controls\"><\/audio><\/p>\n<p><strong>ContraCorriente 011<\/strong><\/p>\n<p><audio src=\"https:\/\/mimamamemima.com.mx\/RockOn\/archivos\/Contracorriente011.mp3\" controls=\"controls\"><\/audio><\/p>\n<p><strong>ContraCorriente 010<\/strong><\/p>\n<p><audio src=\"https:\/\/mimamamemima.com.mx\/RockOn\/archivos\/Contracorriente010.mp3\" controls=\"controls\"><\/audio><\/p>\n<p><strong>ContraCorriente 009<\/strong><\/p>\n<p><audio src=\"https:\/\/mimamamemima.com.mx\/RockOn\/archivos\/Contracorriente009.mp3\" controls=\"controls\"><\/audio><\/p>\n<p><strong>ContraCorriente 008<\/strong><\/p>\n<p><audio src=\"https:\/\/mimamamemima.com.mx\/RockOn\/archivos\/Contracorriente008.mp3\" controls=\"controls\"><\/audio><\/p>\n<p><strong>ContraCorriente 007<\/strong><\/p>\n<p><audio src=\"https:\/\/mimamamemima.com.mx\/RockOn\/archivos\/Contracorriente007.mp3\" controls=\"controls\"><\/audio><\/p>\n<p><strong>ContraCorriente 006<\/strong><\/p>\n<p><audio src=\"https:\/\/mimamamemima.com.mx\/RockOn\/archivos\/Contracorriente006.mp3\" controls=\"controls\"><\/audio><\/p>\n<p><strong>ContraCorriente 005<\/strong><\/p>\n<p><audio src=\"https:\/\/mimamamemima.com.mx\/RockOn\/archivos\/Contracorriente005.mp3\" controls=\"controls\"><\/audio><\/p>\n<p><strong>ContraCorriente 004<\/strong><\/p>\n<p><audio src=\"https:\/\/mimamamemima.com.mx\/RockOn\/archivos\/Contracorriente004.mp3\" controls=\"controls\"><\/audio><\/p>\n<p><strong>ContraCorriente 003<\/strong><\/p>\n<p><audio src=\"https:\/\/mimamamemima.com.mx\/RockOn\/archivos\/Contracorriente003.mp3\" controls=\"controls\"><\/audio><\/p>\n<p><strong>ContraCorriente 002<\/strong><\/p>\n<p><audio src=\"https:\/\/mimamamemima.com.mx\/RockOn\/archivos\/Contracorriente002.mp3\" controls=\"controls\"><\/audio><\/p>\n<p><strong>ContraCorriente 001<\/strong><\/p>\n<p><audio src=\"https:\/\/mimamamemima.com.mx\/RockOn\/archivos\/Contracorriente001.mp3\" controls=\"controls\"><\/audio><\/p>\n<p>&nbsp;<\/p>\n","protected":false},"excerpt":{"rendered":"<p>MiMamaMeMima Internet Radio surge en Guadalajara Jalisco M\u00e9xico el a\u00f1o 2000 con el fin de apoyar a los proyectos independientes de la escena Jalisciense. Con el paso del tiempo MiMamaMeMima se fue expandiendo dando cabina a proyectos del resto del pais e internacionales. Con gusto particular por los sonidos irreverentes del punk, ska y hardcore buscamos ser una vitrina para que las bandas independientes puedan difundir su propuesta libre y sin prejuicios. Aqu\u00ed podr\u00e1n encontrar la grabaci\u00f3n de nuestros nuevos programas y algunos del recuerdo. Escuchalo y\/o descargalo sin comerciales ni aplicaciones especiales desde esta pagina !! ContraCorriente 020 ContraCorriente 019 ContraCorriente 018 ContraCorriente 017 ContraCorriente 016 ContraCorriente 015 Especiales &#8211; 0005 &#8211; Evaristo Paramos en Guadalajara ContraCorriente 014 ContraCorriente 013 ContraCorriente 012 ContraCorriente 011 ContraCorriente 010 ContraCorriente 009 ContraCorriente 008 ContraCorriente 007 ContraCorriente 006 ContraCorriente 005 ContraCorriente 004 ContraCorriente 003 ContraCorriente 002 ContraCorriente 001 &nbsp;<\/p>\n","protected":false},"author":1,"featured_media":1999,"parent":0,"menu_order":0,"comment_status":"closed","ping_status":"closed","template":"","meta":{"footnotes":""},"class_list":["post-136","page","type-page","status-publish","has-post-thumbnail","hentry"],"_links":{"self":[{"href":"https:\/\/mimamamemima.com.mx\/RockOn\/wp-json\/wp\/v2\/pages\/136","targetHints":{"allow":["GET"]}}],"collection":[{"href":"https:\/\/mimamamemima.com.mx\/RockOn\/wp-json\/wp\/v2\/pages"}],"about":[{"href":"https:\/\/mimamamemima.com.mx\/RockOn\/wp-json\/wp\/v2\/types\/page"}],"author":[{"embeddable":true,"href":"https:\/\/mimamamemima.com.mx\/RockOn\/wp-json\/wp\/v2\/users\/1"}],"replies":[{"embeddable":true,"href":"https:\/\/mimamamemima.com.mx\/RockOn\/wp-json\/wp\/v2\/comments?post=136"}],"version-history":[{"count":49,"href":"https:\/\/mimamamemima.com.mx\/RockOn\/wp-json\/wp\/v2\/pages\/136\/revisions"}],"predecessor-version":[{"id":2354,"href":"https:\/\/mimamamemima.com.mx\/RockOn\/wp-json\/wp\/v2\/pages\/136\/revisions\/2354"}],"wp:featuredmedia":[{"embeddable":true,"href":"https:\/\/mimamamemima.com.mx\/RockOn\/wp-json\/wp\/v2\/media\/1999"}],"wp:attachment":[{"href":"https:\/\/mimamamemima.com.mx\/RockOn\/wp-json\/wp\/v2\/media?parent=136"}],"curies":[{"name":"wp","href":"https:\/\/api.w.org\/{rel}","templated":true}]}}